{"id":9,"date":"2018-01-13T09:25:00","date_gmt":"2018-01-13T09:25:00","guid":{"rendered":"http:\/\/compak-sporting.de\/?page_id=9"},"modified":"2023-10-12T00:36:09","modified_gmt":"2023-10-11T22:36:09","slug":"startseite","status":"publish","type":"page","link":"https:\/\/compak-sporting.de\/","title":{"rendered":""},"content":{"rendered":"\n<p class=\"has-text-align-center has-medium-font-size\">Schie\u00dfkalender f\u00fcr Deutschland und angrenzende Staaten<br>shooting calendar for Germany and abroad<\/p>\n\n\n\n<iframe loading=\"lazy\" style=\"border-width: 0;\" src=\"https:\/\/calendar.google.com\/calendar\/embed?showCalendars=0&amp;showTz=0&amp;height=600&amp;wkst=2&amp;bgcolor=%23cccccc&amp;src=1evcb21s1i15n6hpjkaepbukl4%40group.calendar.google.com&amp;color=%23125A12&amp;ctz=Europe%2FBerlin\" scrolling=\"no\" width=\"815\" height=\"600\" frameborder=\"0\"><\/iframe>\n\n\n\n<p class=\"has-text-align-center has-black-color has-pale-cyan-blue-background-color has-text-color has-background has-small-font-size\"><em><span class=\"tadv-background-color\" style=\"background-color:#8ed1fc\"><strong>Ihr k\u00f6nnt den Kalender abbonieren, indem Ihr <a href=\"https:\/\/calendar.google.com\/calendar\/ical\/1evcb21s1i15n6hpjkaepbukl4%40group.calendar.google.com\/public\/basic.ics\">hier<\/a> klickt.<\/strong><\/span><\/em><br><em><strong>You can subscribe to the calendar by clicking the link.<\/strong><\/em><\/p>\n\n\n\n<hr class=\"wp-block-separator has-alpha-channel-opacity\"\/>\n\n\n\n<div style=\"height:35px\" aria-hidden=\"true\" class=\"wp-block-spacer\"><\/div>\n\n\n<div class=\"postlist withthumb\"><span class=\"thumbmagic\"><a href=\"https:\/\/compak-sporting.de\/?p=4747\" title=\"FRANKONIA ZOLI CUP 2025\"><img loading=\"lazy\" decoding=\"async\" width=\"300\" height=\"212\" src=\"https:\/\/compak-sporting.de\/wp-content\/uploads\/2025\/08\/Screenshot-2025-08-06-194532-300x212.png\" class=\"lcp_thumbnail wp-post-image\" alt=\"FRANKONIA ZOLI CUP 2025\" srcset=\"https:\/\/compak-sporting.de\/wp-content\/uploads\/2025\/08\/Screenshot-2025-08-06-194532-300x212.png 300w, https:\/\/compak-sporting.de\/wp-content\/uploads\/2025\/08\/Screenshot-2025-08-06-194532-1024x724.png 1024w, https:\/\/compak-sporting.de\/wp-content\/uploads\/2025\/08\/Screenshot-2025-08-06-194532-768x543.png 768w, https:\/\/compak-sporting.de\/wp-content\/uploads\/2025\/08\/Screenshot-2025-08-06-194532-1536x1086.png 1536w, https:\/\/compak-sporting.de\/wp-content\/uploads\/2025\/08\/Screenshot-2025-08-06-194532.png 1677w\" sizes=\"auto, (max-width: 300px) 100vw, 300px\" itemprop=\"image\" \/><\/a><\/span><div class=\"lcp-container\"><h3><a href=\"https:\/\/compak-sporting.de\/?p=4747\">FRANKONIA ZOLI CUP 2025<\/a><\/h3>  <p class=\"lcp_excerpt\">Der Zoli-Cup 2023 in Bad Arolsen bot den Teilnehmern ein zweit\u00e4giges Turnier mit 200 Wurfscheiben und hochwertigem Zoli-Flinten-Testing. Trotz unbest\u00e4ndigem Wetter und vereinzelter Kritik an den Wertungsregeln, wurde das Turnier von einem freundschaftlichen und fairen Klima begleitet, unterst\u00fctzt durch Service von Zoli und einem breiten Catering-Angebot. Nach sportlichen Herausforderungen und geselligem Beisammensein am Abend wurden ...<\/p><div class=\"morelink\"><\/div><\/div><\/div><div class=\"postlist withthumb\"><span class=\"thumbmagic\"><a href=\"https:\/\/compak-sporting.de\/?p=4736\" title=\"Fudschaira Bergschie\u00dfen zweiter Teil\"><img loading=\"lazy\" decoding=\"async\" width=\"300\" height=\"158\" src=\"https:\/\/compak-sporting.de\/wp-content\/uploads\/2024\/08\/330821933_507786808201085_6149020254336401525_n-300x158.png\" class=\"lcp_thumbnail wp-post-image\" alt=\"Fudschaira Bergschie\u00dfen zweiter Teil\" srcset=\"https:\/\/compak-sporting.de\/wp-content\/uploads\/2024\/08\/330821933_507786808201085_6149020254336401525_n-300x158.png 300w, https:\/\/compak-sporting.de\/wp-content\/uploads\/2024\/08\/330821933_507786808201085_6149020254336401525_n-768x404.png 768w, https:\/\/compak-sporting.de\/wp-content\/uploads\/2024\/08\/330821933_507786808201085_6149020254336401525_n.png 960w\" sizes=\"auto, (max-width: 300px) 100vw, 300px\" itemprop=\"image\" \/><\/a><\/span><div class=\"lcp-container\"><h3><a href=\"https:\/\/compak-sporting.de\/?p=4736\">Fudschaira Bergschie\u00dfen zweiter Teil<\/a><\/h3>  <p class=\"lcp_excerpt\">Der zweite Teil des Bergschie\u00dfens in den Vereinigten Arabischen Emiraten\n<\/p><div class=\"morelink\"><\/div><\/div><\/div><div class=\"postlist withthumb\"><span class=\"thumbmagic\"><a href=\"https:\/\/compak-sporting.de\/?p=4722\" title=\"Classic Steel Challenge 2024\"><img loading=\"lazy\" decoding=\"async\" width=\"300\" height=\"157\" src=\"https:\/\/compak-sporting.de\/wp-content\/uploads\/2024\/06\/447775836_25519706237677639_7212467029856129768_n-300x157.jpg\" class=\"lcp_thumbnail wp-post-image\" alt=\"Classic Steel Challenge 2024\" srcset=\"https:\/\/compak-sporting.de\/wp-content\/uploads\/2024\/06\/447775836_25519706237677639_7212467029856129768_n-300x157.jpg 300w, https:\/\/compak-sporting.de\/wp-content\/uploads\/2024\/06\/447775836_25519706237677639_7212467029856129768_n-1024x537.jpg 1024w, https:\/\/compak-sporting.de\/wp-content\/uploads\/2024\/06\/447775836_25519706237677639_7212467029856129768_n-768x403.jpg 768w, https:\/\/compak-sporting.de\/wp-content\/uploads\/2024\/06\/447775836_25519706237677639_7212467029856129768_n-1536x806.jpg 1536w, https:\/\/compak-sporting.de\/wp-content\/uploads\/2024\/06\/447775836_25519706237677639_7212467029856129768_n.jpg 2048w\" sizes=\"auto, (max-width: 300px) 100vw, 300px\" itemprop=\"image\" \/><\/a><\/span><div class=\"lcp-container\"><h3><a href=\"https:\/\/compak-sporting.de\/?p=4722\">Classic Steel Challenge 2024<\/a><\/h3>  <p class=\"lcp_excerpt\">Nach 5 Jahren Pause, Frankreich vorn. Bester Deutsche ist Alexander Maul.\n<\/p><div class=\"morelink\"><\/div><\/div><\/div><div class=\"postlist withthumb\"><span class=\"thumbmagic\"><a href=\"https:\/\/compak-sporting.de\/?p=4510\" title=\"Euro Shooting Cash 2024\"><img loading=\"lazy\" decoding=\"async\" width=\"300\" height=\"200\" src=\"https:\/\/compak-sporting.de\/wp-content\/uploads\/2024\/05\/2024_ESC_9133-300x200.jpg\" class=\"lcp_thumbnail wp-post-image\" alt=\"Euro Shooting Cash 2024\" srcset=\"https:\/\/compak-sporting.de\/wp-content\/uploads\/2024\/05\/2024_ESC_9133-300x200.jpg 300w, https:\/\/compak-sporting.de\/wp-content\/uploads\/2024\/05\/2024_ESC_9133-1024x683.jpg 1024w, https:\/\/compak-sporting.de\/wp-content\/uploads\/2024\/05\/2024_ESC_9133-768x512.jpg 768w, https:\/\/compak-sporting.de\/wp-content\/uploads\/2024\/05\/2024_ESC_9133-1536x1024.jpg 1536w, https:\/\/compak-sporting.de\/wp-content\/uploads\/2024\/05\/2024_ESC_9133-2048x1365.jpg 2048w\" sizes=\"auto, (max-width: 300px) 100vw, 300px\" itemprop=\"image\" \/><\/a><\/span><div class=\"lcp-container\"><h3><a href=\"https:\/\/compak-sporting.de\/?p=4510\">Euro Shooting Cash 2024<\/a><\/h3>  <p class=\"lcp_excerpt\">Phil Gray gewinnt Euro Shooting Cash 2024\n<\/p><div class=\"morelink\"><\/div><\/div><\/div><div class=\"postlist withthumb\"><span class=\"thumbmagic\"><a href=\"https:\/\/compak-sporting.de\/?p=4485\" title=\"Frankonia Zoli-Cup 2024\"><img loading=\"lazy\" decoding=\"async\" width=\"300\" height=\"225\" src=\"https:\/\/compak-sporting.de\/wp-content\/uploads\/2024\/03\/3d4-300x225.jpg\" class=\"lcp_thumbnail wp-post-image\" alt=\"Frankonia Zoli-Cup 2024\" srcset=\"https:\/\/compak-sporting.de\/wp-content\/uploads\/2024\/03\/3d4-300x225.jpg 300w, https:\/\/compak-sporting.de\/wp-content\/uploads\/2024\/03\/3d4-1024x768.jpg 1024w, https:\/\/compak-sporting.de\/wp-content\/uploads\/2024\/03\/3d4-768x576.jpg 768w, https:\/\/compak-sporting.de\/wp-content\/uploads\/2024\/03\/3d4-1536x1152.jpg 1536w, https:\/\/compak-sporting.de\/wp-content\/uploads\/2024\/03\/3d4.jpg 1600w\" sizes=\"auto, (max-width: 300px) 100vw, 300px\" itemprop=\"image\" \/><\/a><\/span><div class=\"lcp-container\"><h3><a href=\"https:\/\/compak-sporting.de\/?p=4485\">Frankonia Zoli-Cup 2024<\/a><\/h3>  <p class=\"lcp_excerpt\">Frankonia Zoli-Cup 2024, ein 250 Tauben Turnier in Bad Arolsen, mit Servicewagen und Aussteller vor Ort.\n<\/p><div class=\"morelink\"><\/div><\/div><\/div>\n","protected":false},"excerpt":{"rendered":"<p>Schie\u00dfkalender f\u00fcr Deutschland und angrenzende Staatenshooting calendar for Germany and abroad Ihr k\u00f6nnt den Kalender abbonieren, indem Ihr hier klickt.You can subscribe to the calendar by clicking the link.<\/p>\n","protected":false},"author":1,"featured_media":0,"parent":0,"menu_order":0,"comment_status":"closed","ping_status":"closed","template":"","meta":{"ngg_post_thumbnail":0,"footnotes":""},"class_list":["entry","page","publish","author-matmac","post-9"],"_links":{"self":[{"href":"https:\/\/compak-sporting.de\/index.php?rest_route=\/wp\/v2\/pages\/9","targetHints":{"allow":["GET"]}}],"collection":[{"href":"https:\/\/compak-sporting.de\/index.php?rest_route=\/wp\/v2\/pages"}],"about":[{"href":"https:\/\/compak-sporting.de\/index.php?rest_route=\/wp\/v2\/types\/page"}],"author":[{"embeddable":true,"href":"https:\/\/compak-sporting.de\/index.php?rest_route=\/wp\/v2\/users\/1"}],"replies":[{"embeddable":true,"href":"https:\/\/compak-sporting.de\/index.php?rest_route=%2Fwp%2Fv2%2Fcomments&post=9"}],"version-history":[{"count":72,"href":"https:\/\/compak-sporting.de\/index.php?rest_route=\/wp\/v2\/pages\/9\/revisions"}],"predecessor-version":[{"id":4483,"href":"https:\/\/compak-sporting.de\/index.php?rest_route=\/wp\/v2\/pages\/9\/revisions\/4483"}],"wp:attachment":[{"href":"https:\/\/compak-sporting.de\/index.php?rest_route=%2Fwp%2Fv2%2Fmedia&parent=9"}],"curies":[{"name":"wp","href":"https:\/\/api.w.org\/{rel}","templated":true}]}}